{"id":10,"date":"2026-05-17T18:14:58","date_gmt":"2026-05-17T18:14:58","guid":{"rendered":"http:\/\/nidmalin.fr\/?page_id=10"},"modified":"2026-05-17T19:04:43","modified_gmt":"2026-05-17T19:04:43","slug":"mentions-legales","status":"publish","type":"page","link":"https:\/\/nidmalin.fr\/?page_id=10","title":{"rendered":"Mentions l\u00e9gales"},"content":{"rendered":"\n<p>Mentions l\u00e9gales<\/p>\n\n\n\n<p>\u00c9diteur du site<br>Nom : Erwan Aubin<br>Domicile : Paris, France<br>Email : nidmalinn@gmail.com<br>Site web : nidmalin.fr<\/p>\n\n\n\n<p>H\u00e9bergement<br>OVH SAS<br>2 rue Kellermann, 59100 Roubaix, France<br>ovh.com<\/p>\n\n\n\n<p>Propri\u00e9t\u00e9 intellectuelle<br>L&#8217;ensemble du contenu de ce site (textes, images, graphiques)<br>est la propri\u00e9t\u00e9 exclusive de Erwan Aubin, sauf mention contraire.<br>Toute reproduction est interdite sans autorisation pr\u00e9alable.<\/p>\n\n\n\n<p>Liens affili\u00e9s<br>Ce site participe au Programme Partenaires d&#8217;Amazon Europe.<br>En tant que Partenaire Amazon, je r\u00e9alise un b\u00e9n\u00e9fice sur les<br>achats remplissant les conditions requises. Cela ne change pas<br>le prix que vous payez.<\/p>\n\n\n\n<p>Responsabilit\u00e9<br>Les informations fournies sur ce site le sont \u00e0 titre indicatif.<br>Erwan Aubin ne pourra \u00eatre tenu responsable de tout dommage<br>direct ou indirect li\u00e9 \u00e0 l&#8217;utilisation du site.<\/p>\n","protected":false},"excerpt":{"rendered":"<p>Mentions l\u00e9gales \u00c9diteur du siteNom : Erwan AubinDomicile : Paris, FranceEmail : nidmalinn@gmail.comSite web : nidmalin.fr H\u00e9bergementOVH SAS2 rue Kellermann, [&hellip;]<\/p>\n","protected":false},"author":1,"featured_media":0,"parent":0,"menu_order":0,"comment_status":"closed","ping_status":"closed","template":"","meta":{"site-sidebar-layout":"default","site-content-layout":"","ast-site-content-layout":"default","site-content-style":"default","site-sidebar-style":"default","ast-global-header-display":"","ast-banner-title-visibility":"","ast-main-header-display":"","ast-hfb-above-header-display":"","ast-hfb-below-header-display":"","ast-hfb-mobile-header-display":"","site-post-title":"","ast-breadcrumbs-content":"","ast-featured-img":"","footer-sml-layout":"","ast-disable-related-posts":"","theme-transparent-header-meta":"","adv-header-id-meta":"","stick-header-meta":"","header-above-stick-meta":"","header-main-stick-meta":"","header-below-stick-meta":"","astra-migrate-meta-layouts":"default","ast-page-background-enabled":"default","ast-page-background-meta":{"desktop":{"background-color":"var(--ast-global-color-5)","background-image":"","background-repeat":"repeat","background-position":"center center","background-size":"auto","background-attachment":"scroll","background-type":"","background-media":"","overlay-type":"","overlay-color":"","overlay-opacity":"","overlay-gradient":""},"tablet":{"background-color":"","background-image":"","background-repeat":"repeat","background-position":"center center","background-size":"auto","background-attachment":"scroll","background-type":"","background-media":"","overlay-type":"","overlay-color":"","overlay-opacity":"","overlay-gradient":""},"mobile":{"background-color":"","background-image":"","background-repeat":"repeat","background-position":"center center","background-size":"auto","background-attachment":"scroll","background-type":"","background-media":"","overlay-type":"","overlay-color":"","overlay-opacity":"","overlay-gradient":""}},"ast-content-background-meta":{"desktop":{"background-color":"var(--ast-global-color-4)","background-image":"","background-repeat":"repeat","background-position":"center center","background-size":"auto","background-attachment":"scroll","background-type":"","background-media":"","overlay-type":"","overlay-color":"","overlay-opacity":"","overlay-gradient":""},"tablet":{"background-color":"var(--ast-global-color-4)","background-image":"","background-repeat":"repeat","background-position":"center center","background-size":"auto","background-attachment":"scroll","background-type":"","background-media":"","overlay-type":"","overlay-color":"","overlay-opacity":"","overlay-gradient":""},"mobile":{"background-color":"var(--ast-global-color-4)","background-image":"","background-repeat":"repeat","background-position":"center center","background-size":"auto","background-attachment":"scroll","background-type":"","background-media":"","overlay-type":"","overlay-color":"","overlay-opacity":"","overlay-gradient":""}},"footnotes":""},"class_list":["post-10","page","type-page","status-publish","hentry"],"yoast_head":"<!-- This site is optimized with the Yoast SEO plugin v27.6 - https:\/\/yoast.com\/product\/yoast-seo-wordpress\/ -->\n<title>Mentions l\u00e9gales - WordPress<\/title>\n<meta name=\"robots\" content=\"index, follow, max-snippet:-1, max-image-preview:large, max-video-preview:-1\" \/>\n<link rel=\"canonical\" href=\"http:\/\/nidmalin.fr\/?page_id=10\" \/>\n<meta property=\"og:locale\" content=\"en_US\" \/>\n<meta property=\"og:type\" content=\"article\" \/>\n<meta property=\"og:title\" content=\"Mentions l\u00e9gales - WordPress\" \/>\n<meta property=\"og:description\" content=\"Mentions l\u00e9gales \u00c9diteur du siteNom : Erwan AubinDomicile : Paris, FranceEmail : nidmalinn@gmail.comSite web : nidmalin.fr H\u00e9bergementOVH SAS2 rue Kellermann, [&hellip;]\" \/>\n<meta property=\"og:url\" content=\"http:\/\/nidmalin.fr\/?page_id=10\" \/>\n<meta property=\"og:site_name\" content=\"WordPress\" \/>\n<meta property=\"article:modified_time\" content=\"2026-05-17T19:04:43+00:00\" \/>\n<meta name=\"twitter:card\" content=\"summary_large_image\" \/>\n<meta name=\"twitter:label1\" content=\"Est. reading time\" \/>\n\t<meta name=\"twitter:data1\" content=\"1 minute\" \/>\n<script type=\"application\/ld+json\" class=\"yoast-schema-graph\">{\"@context\":\"https:\\\/\\\/schema.org\",\"@graph\":[{\"@type\":\"WebPage\",\"@id\":\"http:\\\/\\\/nidmalin.fr\\\/?page_id=10\",\"url\":\"http:\\\/\\\/nidmalin.fr\\\/?page_id=10\",\"name\":\"Mentions l\u00e9gales - WordPress\",\"isPartOf\":{\"@id\":\"http:\\\/\\\/nidmalin.fr\\\/#website\"},\"datePublished\":\"2026-05-17T18:14:58+00:00\",\"dateModified\":\"2026-05-17T19:04:43+00:00\",\"breadcrumb\":{\"@id\":\"http:\\\/\\\/nidmalin.fr\\\/?page_id=10#breadcrumb\"},\"inLanguage\":\"en-US\",\"potentialAction\":[{\"@type\":\"ReadAction\",\"target\":[\"http:\\\/\\\/nidmalin.fr\\\/?page_id=10\"]}]},{\"@type\":\"BreadcrumbList\",\"@id\":\"http:\\\/\\\/nidmalin.fr\\\/?page_id=10#breadcrumb\",\"itemListElement\":[{\"@type\":\"ListItem\",\"position\":1,\"name\":\"Home\",\"item\":\"http:\\\/\\\/nidmalin.fr\\\/\"},{\"@type\":\"ListItem\",\"position\":2,\"name\":\"Mentions l\u00e9gales\"}]},{\"@type\":\"WebSite\",\"@id\":\"http:\\\/\\\/nidmalin.fr\\\/#website\",\"url\":\"http:\\\/\\\/nidmalin.fr\\\/\",\"name\":\"WordPress\",\"description\":\"\",\"potentialAction\":[{\"@type\":\"SearchAction\",\"target\":{\"@type\":\"EntryPoint\",\"urlTemplate\":\"http:\\\/\\\/nidmalin.fr\\\/?s={search_term_string}\"},\"query-input\":{\"@type\":\"PropertyValueSpecification\",\"valueRequired\":true,\"valueName\":\"search_term_string\"}}],\"inLanguage\":\"en-US\"}]}<\/script>\n<!-- \/ Yoast SEO plugin. -->","yoast_head_json":{"title":"Mentions l\u00e9gales - WordPress","robots":{"index":"index","follow":"follow","max-snippet":"max-snippet:-1","max-image-preview":"max-image-preview:large","max-video-preview":"max-video-preview:-1"},"canonical":"http:\/\/nidmalin.fr\/?page_id=10","og_locale":"en_US","og_type":"article","og_title":"Mentions l\u00e9gales - WordPress","og_description":"Mentions l\u00e9gales \u00c9diteur du siteNom : Erwan AubinDomicile : Paris, FranceEmail : nidmalinn@gmail.comSite web : nidmalin.fr H\u00e9bergementOVH SAS2 rue Kellermann, [&hellip;]","og_url":"http:\/\/nidmalin.fr\/?page_id=10","og_site_name":"WordPress","article_modified_time":"2026-05-17T19:04:43+00:00","twitter_card":"summary_large_image","twitter_misc":{"Est. reading time":"1 minute"},"schema":{"@context":"https:\/\/schema.org","@graph":[{"@type":"WebPage","@id":"http:\/\/nidmalin.fr\/?page_id=10","url":"http:\/\/nidmalin.fr\/?page_id=10","name":"Mentions l\u00e9gales - WordPress","isPartOf":{"@id":"http:\/\/nidmalin.fr\/#website"},"datePublished":"2026-05-17T18:14:58+00:00","dateModified":"2026-05-17T19:04:43+00:00","breadcrumb":{"@id":"http:\/\/nidmalin.fr\/?page_id=10#breadcrumb"},"inLanguage":"en-US","potentialAction":[{"@type":"ReadAction","target":["http:\/\/nidmalin.fr\/?page_id=10"]}]},{"@type":"BreadcrumbList","@id":"http:\/\/nidmalin.fr\/?page_id=10#breadcrumb","itemListElement":[{"@type":"ListItem","position":1,"name":"Home","item":"http:\/\/nidmalin.fr\/"},{"@type":"ListItem","position":2,"name":"Mentions l\u00e9gales"}]},{"@type":"WebSite","@id":"http:\/\/nidmalin.fr\/#website","url":"http:\/\/nidmalin.fr\/","name":"WordPress","description":"","potentialAction":[{"@type":"SearchAction","target":{"@type":"EntryPoint","urlTemplate":"http:\/\/nidmalin.fr\/?s={search_term_string}"},"query-input":{"@type":"PropertyValueSpecification","valueRequired":true,"valueName":"search_term_string"}}],"inLanguage":"en-US"}]}},"_links":{"self":[{"href":"https:\/\/nidmalin.fr\/index.php?rest_route=\/wp\/v2\/pages\/10","targetHints":{"allow":["GET"]}}],"collection":[{"href":"https:\/\/nidmalin.fr\/index.php?rest_route=\/wp\/v2\/pages"}],"about":[{"href":"https:\/\/nidmalin.fr\/index.php?rest_route=\/wp\/v2\/types\/page"}],"author":[{"embeddable":true,"href":"https:\/\/nidmalin.fr\/index.php?rest_route=\/wp\/v2\/users\/1"}],"replies":[{"embeddable":true,"href":"https:\/\/nidmalin.fr\/index.php?rest_route=%2Fwp%2Fv2%2Fcomments&post=10"}],"version-history":[{"count":1,"href":"https:\/\/nidmalin.fr\/index.php?rest_route=\/wp\/v2\/pages\/10\/revisions"}],"predecessor-version":[{"id":11,"href":"https:\/\/nidmalin.fr\/index.php?rest_route=\/wp\/v2\/pages\/10\/revisions\/11"}],"wp:attachment":[{"href":"https:\/\/nidmalin.fr\/index.php?rest_route=%2Fwp%2Fv2%2Fmedia&parent=10"}],"curies":[{"name":"wp","href":"https:\/\/api.w.org\/{rel}","templated":true}]}}